{"id":13173,"date":"2025-08-29T16:50:15","date_gmt":"2025-08-29T19:50:15","guid":{"rendered":"https:\/\/elevastay.com\/?page_id=13173"},"modified":"2025-08-29T16:52:54","modified_gmt":"2025-08-29T19:52:54","slug":"elevastay-servicios","status":"publish","type":"page","link":"https:\/\/elevastay.com\/index.php\/elevastay-servicios\/","title":{"rendered":"Elevastay Servicios"},"content":{"rendered":"\t\t<div data-elementor-type=\"wp-page\" data-elementor-id=\"13173\" class=\"elementor elementor-13173\">\n\t\t\t\t\t\t<section class=\"elementor-section elementor-top-section elementor-element elementor-element-e579c16 elementor-section-full_width qodef-elementor-content-grid elementor-section-height-default elementor-section-height-default\" data-id=\"e579c16\" data-element_type=\"section\">\n\t\t\t\t\t\t<div class=\"elementor-container elementor-column-gap-default\">\n\t\t\t\t\t<div class=\"elementor-column elementor-col-100 elementor-top-column elementor-element elementor-element-c9ab2c7\" data-id=\"c9ab2c7\" data-element_type=\"column\">\n\t\t\t<div class=\"elementor-widget-wrap elementor-element-populated\">\n\t\t\t\t\t\t<div class=\"elementor-element elementor-element-b854012 elementor-widget elementor-widget-valiance_core_portfolio_list\" data-id=\"b854012\" data-element_type=\"widget\" data-widget_type=\"valiance_core_portfolio_list.default\">\n\t\t\t\t<div class=\"elementor-widget-container\">\n\t\t\t\t\t<div class=\"qodef-shortcode qodef-m qodef-portfolio-list qodef-item-layout--info-below qodef-grid qodef-layout--columns qodef-gutter--normal qodef-col-num--3 qodef-item-layout--info-below qodef--no-bottom-space qodef-pagination--off qodef-responsive--predefined qodef-hover-animation--zoom\" data-options=\"{&quot;plugin&quot;:&quot;valiance_core&quot;,&quot;module&quot;:&quot;post-types\\\/portfolio\\\/shortcodes&quot;,&quot;shortcode&quot;:&quot;portfolio-list&quot;,&quot;post_type&quot;:&quot;portfolio-item&quot;,&quot;next_page&quot;:&quot;2&quot;,&quot;max_pages_num&quot;:1,&quot;behavior&quot;:&quot;columns&quot;,&quot;images_proportion&quot;:&quot;full&quot;,&quot;columns&quot;:&quot;3&quot;,&quot;columns_responsive&quot;:&quot;predefined&quot;,&quot;columns_1440&quot;:&quot;3&quot;,&quot;columns_1366&quot;:&quot;3&quot;,&quot;columns_1024&quot;:&quot;3&quot;,&quot;columns_768&quot;:&quot;3&quot;,&quot;columns_680&quot;:&quot;3&quot;,&quot;columns_480&quot;:&quot;3&quot;,&quot;space&quot;:&quot;normal&quot;,&quot;posts_per_page&quot;:&quot;9&quot;,&quot;orderby&quot;:&quot;date&quot;,&quot;order&quot;:&quot;ASC&quot;,&quot;additional_params&quot;:&quot;tax&quot;,&quot;tax&quot;:&quot;portfolio-category&quot;,&quot;tax_slug&quot;:&quot;servicios&quot;,&quot;layout&quot;:&quot;info-below&quot;,&quot;hover_animation_info-below&quot;:&quot;zoom&quot;,&quot;hover_animation_info-follow&quot;:&quot;follow&quot;,&quot;hover_animation_info-on-hover&quot;:&quot;fade-in&quot;,&quot;title_tag&quot;:&quot;h4&quot;,&quot;custom_padding&quot;:&quot;no&quot;,&quot;enable_filter&quot;:&quot;no&quot;,&quot;pagination_type&quot;:&quot;no-pagination&quot;,&quot;object_class_name&quot;:&quot;ValianceCore_Portfolio_List_Shortcode&quot;,&quot;taxonomy_filter&quot;:&quot;portfolio-category&quot;,&quot;additional_query_args&quot;:{&quot;tax_query&quot;:[{&quot;taxonomy&quot;:&quot;portfolio-category&quot;,&quot;field&quot;:&quot;slug&quot;,&quot;terms&quot;:&quot;servicios&quot;}]},&quot;space_value&quot;:15}\">\n\t\t<div class=\"qodef-grid-inner clear\">\n\t\t<article class=\"qodef-e qodef-grid-item qodef-item--full post-13102 portfolio-item type-portfolio-item status-publish has-post-thumbnail hentry portfolio-category-servicios portfolio-tag-new\">\n\t<div class=\"qodef-e-inner\" >\n\t\t<div class=\"qodef-e-image\">\n\t\t\t\t<div class=\"qodef-e-media-image\">\n\t\t<a itemprop=\"url\" href=\"https:\/\/elevastay.com\/index.php\/portfolio-item\/asesoramiento-integral\/\">\n\t\t\t<img fetchpriority=\"high\" decoding=\"async\" width=\"800\" height=\"800\" src=\"https:\/\/elevastay.com\/wp-content\/uploads\/2025\/08\/ES_asesoramiento-integral_thumb-1.jpg\" class=\"attachment-full size-full wp-post-image\" alt=\"\" srcset=\"https:\/\/elevastay.com\/wp-content\/uploads\/2025\/08\/ES_asesoramiento-integral_thumb-1.jpg 800w, https:\/\/elevastay.com\/wp-content\/uploads\/2025\/08\/ES_asesoramiento-integral_thumb-1-300x300.jpg 300w, https:\/\/elevastay.com\/wp-content\/uploads\/2025\/08\/ES_asesoramiento-integral_thumb-1-150x150.jpg 150w, https:\/\/elevastay.com\/wp-content\/uploads\/2025\/08\/ES_asesoramiento-integral_thumb-1-768x768.jpg 768w, https:\/\/elevastay.com\/wp-content\/uploads\/2025\/08\/ES_asesoramiento-integral_thumb-1-650x650.jpg 650w\" sizes=\"(max-width: 800px) 100vw, 800px\" \/>\t\t<\/a>\n\t<\/div>\n\t\t<\/div>\n\t\t<div class=\"qodef-e-content\" >\n\t\t\t<div class=\"qodef-e-top-holder\">\n\t\t\t\t<div class=\"qodef-e-text\">\n\t\t\t\t\t<h4 itemprop=\"name\" class=\"qodef-e-title entry-title\" >\n\t<a itemprop=\"url\" class=\"qodef-e-title-link\" href=\"https:\/\/elevastay.com\/index.php\/portfolio-item\/asesoramiento-integral\/\">\n\t\tAsesoramiento Integral\t<\/a>\n<\/h4>\n\t\t\t\t<\/div>\n\t\t\t\t<div class=\"qodef-e-info\">\n\t\t\t\t\t\t<a href=\"https:\/\/elevastay.com\/index.php\/portfolio-category\/servicios\/\" rel=\"tag\">Servicios<\/a>\t<div class=\"qodef-info-separator-end\"><\/div>\n\t\t\t\t<\/div>\n\t\t\t<\/div>\n\t\t<\/div>\n\t<\/div>\n<\/article>\n<article class=\"qodef-e qodef-grid-item qodef-item--full post-13100 portfolio-item type-portfolio-item status-publish has-post-thumbnail hentry portfolio-category-servicios portfolio-tag-new\">\n\t<div class=\"qodef-e-inner\" >\n\t\t<div class=\"qodef-e-image\">\n\t\t\t\t<div class=\"qodef-e-media-image\">\n\t\t<a itemprop=\"url\" href=\"https:\/\/elevastay.com\/index.php\/portfolio-item\/auditorias-operativas\/\">\n\t\t\t<img decoding=\"async\" width=\"800\" height=\"800\" src=\"https:\/\/elevastay.com\/wp-content\/uploads\/2025\/08\/ES_auditoria-operativa_thumb.jpg\" class=\"attachment-full size-full wp-post-image\" alt=\"\" srcset=\"https:\/\/elevastay.com\/wp-content\/uploads\/2025\/08\/ES_auditoria-operativa_thumb.jpg 800w, https:\/\/elevastay.com\/wp-content\/uploads\/2025\/08\/ES_auditoria-operativa_thumb-300x300.jpg 300w, https:\/\/elevastay.com\/wp-content\/uploads\/2025\/08\/ES_auditoria-operativa_thumb-150x150.jpg 150w, https:\/\/elevastay.com\/wp-content\/uploads\/2025\/08\/ES_auditoria-operativa_thumb-768x768.jpg 768w, https:\/\/elevastay.com\/wp-content\/uploads\/2025\/08\/ES_auditoria-operativa_thumb-650x650.jpg 650w\" sizes=\"(max-width: 800px) 100vw, 800px\" \/>\t\t<\/a>\n\t<\/div>\n\t\t<\/div>\n\t\t<div class=\"qodef-e-content\" >\n\t\t\t<div class=\"qodef-e-top-holder\">\n\t\t\t\t<div class=\"qodef-e-text\">\n\t\t\t\t\t<h4 itemprop=\"name\" class=\"qodef-e-title entry-title\" >\n\t<a itemprop=\"url\" class=\"qodef-e-title-link\" href=\"https:\/\/elevastay.com\/index.php\/portfolio-item\/auditorias-operativas\/\">\n\t\tAuditor\u00edas Operativas\t<\/a>\n<\/h4>\n\t\t\t\t<\/div>\n\t\t\t\t<div class=\"qodef-e-info\">\n\t\t\t\t\t\t<a href=\"https:\/\/elevastay.com\/index.php\/portfolio-category\/servicios\/\" rel=\"tag\">Servicios<\/a>\t<div class=\"qodef-info-separator-end\"><\/div>\n\t\t\t\t<\/div>\n\t\t\t<\/div>\n\t\t<\/div>\n\t<\/div>\n<\/article>\n<article class=\"qodef-e qodef-grid-item qodef-item--full post-13101 portfolio-item type-portfolio-item status-publish has-post-thumbnail hentry portfolio-category-servicios portfolio-tag-new\">\n\t<div class=\"qodef-e-inner\" >\n\t\t<div class=\"qodef-e-image\">\n\t\t\t\t<div class=\"qodef-e-media-image\">\n\t\t<a itemprop=\"url\" href=\"https:\/\/elevastay.com\/index.php\/portfolio-item\/gestion-de-recursos-humanos\/\">\n\t\t\t<img decoding=\"async\" width=\"800\" height=\"800\" src=\"https:\/\/elevastay.com\/wp-content\/uploads\/2025\/08\/ES_gestion-rrhh_thumb.jpg\" class=\"attachment-full size-full wp-post-image\" alt=\"\" srcset=\"https:\/\/elevastay.com\/wp-content\/uploads\/2025\/08\/ES_gestion-rrhh_thumb.jpg 800w, https:\/\/elevastay.com\/wp-content\/uploads\/2025\/08\/ES_gestion-rrhh_thumb-300x300.jpg 300w, https:\/\/elevastay.com\/wp-content\/uploads\/2025\/08\/ES_gestion-rrhh_thumb-150x150.jpg 150w, https:\/\/elevastay.com\/wp-content\/uploads\/2025\/08\/ES_gestion-rrhh_thumb-768x768.jpg 768w, https:\/\/elevastay.com\/wp-content\/uploads\/2025\/08\/ES_gestion-rrhh_thumb-650x650.jpg 650w\" sizes=\"(max-width: 800px) 100vw, 800px\" \/>\t\t<\/a>\n\t<\/div>\n\t\t<\/div>\n\t\t<div class=\"qodef-e-content\" >\n\t\t\t<div class=\"qodef-e-top-holder\">\n\t\t\t\t<div class=\"qodef-e-text\">\n\t\t\t\t\t<h4 itemprop=\"name\" class=\"qodef-e-title entry-title\" >\n\t<a itemprop=\"url\" class=\"qodef-e-title-link\" href=\"https:\/\/elevastay.com\/index.php\/portfolio-item\/gestion-de-recursos-humanos\/\">\n\t\tGesti\u00f3n de Recursos Humanos\t<\/a>\n<\/h4>\n\t\t\t\t<\/div>\n\t\t\t\t<div class=\"qodef-e-info\">\n\t\t\t\t\t\t<a href=\"https:\/\/elevastay.com\/index.php\/portfolio-category\/servicios\/\" rel=\"tag\">Servicios<\/a>\t<div class=\"qodef-info-separator-end\"><\/div>\n\t\t\t\t<\/div>\n\t\t\t<\/div>\n\t\t<\/div>\n\t<\/div>\n<\/article>\n<article class=\"qodef-e qodef-grid-item qodef-item--full post-13099 portfolio-item type-portfolio-item status-publish has-post-thumbnail hentry portfolio-category-servicios portfolio-tag-new\">\n\t<div class=\"qodef-e-inner\" >\n\t\t<div class=\"qodef-e-image\">\n\t\t\t\t<div class=\"qodef-e-media-image\">\n\t\t<a itemprop=\"url\" href=\"https:\/\/elevastay.com\/index.php\/portfolio-item\/manuales-y-procedimientos\/\">\n\t\t\t<img loading=\"lazy\" decoding=\"async\" width=\"800\" height=\"800\" src=\"https:\/\/elevastay.com\/wp-content\/uploads\/2025\/08\/ES_manuales-procedimientos_thumb.jpg\" class=\"attachment-full size-full wp-post-image\" alt=\"\" srcset=\"https:\/\/elevastay.com\/wp-content\/uploads\/2025\/08\/ES_manuales-procedimientos_thumb.jpg 800w, https:\/\/elevastay.com\/wp-content\/uploads\/2025\/08\/ES_manuales-procedimientos_thumb-300x300.jpg 300w, https:\/\/elevastay.com\/wp-content\/uploads\/2025\/08\/ES_manuales-procedimientos_thumb-150x150.jpg 150w, https:\/\/elevastay.com\/wp-content\/uploads\/2025\/08\/ES_manuales-procedimientos_thumb-768x768.jpg 768w, https:\/\/elevastay.com\/wp-content\/uploads\/2025\/08\/ES_manuales-procedimientos_thumb-650x650.jpg 650w\" sizes=\"(max-width: 800px) 100vw, 800px\" \/>\t\t<\/a>\n\t<\/div>\n\t\t<\/div>\n\t\t<div class=\"qodef-e-content\" >\n\t\t\t<div class=\"qodef-e-top-holder\">\n\t\t\t\t<div class=\"qodef-e-text\">\n\t\t\t\t\t<h4 itemprop=\"name\" class=\"qodef-e-title entry-title\" >\n\t<a itemprop=\"url\" class=\"qodef-e-title-link\" href=\"https:\/\/elevastay.com\/index.php\/portfolio-item\/manuales-y-procedimientos\/\">\n\t\tManuales y Procedimientos\t<\/a>\n<\/h4>\n\t\t\t\t<\/div>\n\t\t\t\t<div class=\"qodef-e-info\">\n\t\t\t\t\t\t<a href=\"https:\/\/elevastay.com\/index.php\/portfolio-category\/servicios\/\" rel=\"tag\">Servicios<\/a>\t<div class=\"qodef-info-separator-end\"><\/div>\n\t\t\t\t<\/div>\n\t\t\t<\/div>\n\t\t<\/div>\n\t<\/div>\n<\/article>\n<article class=\"qodef-e qodef-grid-item qodef-item--full post-13098 portfolio-item type-portfolio-item status-publish has-post-thumbnail hentry portfolio-category-servicios portfolio-tag-new\">\n\t<div class=\"qodef-e-inner\" >\n\t\t<div class=\"qodef-e-image\">\n\t\t\t\t<div class=\"qodef-e-media-image\">\n\t\t<a itemprop=\"url\" href=\"https:\/\/elevastay.com\/index.php\/portfolio-item\/capacitacion-del-personal\/\">\n\t\t\t<img loading=\"lazy\" decoding=\"async\" width=\"800\" height=\"800\" src=\"https:\/\/elevastay.com\/wp-content\/uploads\/2025\/08\/ES_capacitacion-personal_thumb.jpg\" class=\"attachment-full size-full wp-post-image\" alt=\"\" srcset=\"https:\/\/elevastay.com\/wp-content\/uploads\/2025\/08\/ES_capacitacion-personal_thumb.jpg 800w, https:\/\/elevastay.com\/wp-content\/uploads\/2025\/08\/ES_capacitacion-personal_thumb-300x300.jpg 300w, https:\/\/elevastay.com\/wp-content\/uploads\/2025\/08\/ES_capacitacion-personal_thumb-150x150.jpg 150w, https:\/\/elevastay.com\/wp-content\/uploads\/2025\/08\/ES_capacitacion-personal_thumb-768x768.jpg 768w, https:\/\/elevastay.com\/wp-content\/uploads\/2025\/08\/ES_capacitacion-personal_thumb-650x650.jpg 650w\" sizes=\"(max-width: 800px) 100vw, 800px\" \/>\t\t<\/a>\n\t<\/div>\n\t\t<\/div>\n\t\t<div class=\"qodef-e-content\" >\n\t\t\t<div class=\"qodef-e-top-holder\">\n\t\t\t\t<div class=\"qodef-e-text\">\n\t\t\t\t\t<h4 itemprop=\"name\" class=\"qodef-e-title entry-title\" >\n\t<a itemprop=\"url\" class=\"qodef-e-title-link\" href=\"https:\/\/elevastay.com\/index.php\/portfolio-item\/capacitacion-del-personal\/\">\n\t\tCapacitaci\u00f3n del Personal\t<\/a>\n<\/h4>\n\t\t\t\t<\/div>\n\t\t\t\t<div class=\"qodef-e-info\">\n\t\t\t\t\t\t<a href=\"https:\/\/elevastay.com\/index.php\/portfolio-category\/servicios\/\" rel=\"tag\">Servicios<\/a>\t<div class=\"qodef-info-separator-end\"><\/div>\n\t\t\t\t<\/div>\n\t\t\t<\/div>\n\t\t<\/div>\n\t<\/div>\n<\/article>\n<article class=\"qodef-e qodef-grid-item qodef-item--full post-13097 portfolio-item type-portfolio-item status-publish has-post-thumbnail hentry portfolio-category-servicios portfolio-tag-new\">\n\t<div class=\"qodef-e-inner\" >\n\t\t<div class=\"qodef-e-image\">\n\t\t\t\t<div class=\"qodef-e-media-image\">\n\t\t<a itemprop=\"url\" href=\"https:\/\/elevastay.com\/index.php\/portfolio-item\/tecnologia-hotelera\/\">\n\t\t\t<img loading=\"lazy\" decoding=\"async\" width=\"800\" height=\"800\" src=\"https:\/\/elevastay.com\/wp-content\/uploads\/2025\/08\/ES_tecnologia-hotelera_thumb.jpg\" class=\"attachment-full size-full wp-post-image\" alt=\"\" srcset=\"https:\/\/elevastay.com\/wp-content\/uploads\/2025\/08\/ES_tecnologia-hotelera_thumb.jpg 800w, https:\/\/elevastay.com\/wp-content\/uploads\/2025\/08\/ES_tecnologia-hotelera_thumb-300x300.jpg 300w, https:\/\/elevastay.com\/wp-content\/uploads\/2025\/08\/ES_tecnologia-hotelera_thumb-150x150.jpg 150w, https:\/\/elevastay.com\/wp-content\/uploads\/2025\/08\/ES_tecnologia-hotelera_thumb-768x768.jpg 768w, https:\/\/elevastay.com\/wp-content\/uploads\/2025\/08\/ES_tecnologia-hotelera_thumb-650x650.jpg 650w\" sizes=\"(max-width: 800px) 100vw, 800px\" \/>\t\t<\/a>\n\t<\/div>\n\t\t<\/div>\n\t\t<div class=\"qodef-e-content\" >\n\t\t\t<div class=\"qodef-e-top-holder\">\n\t\t\t\t<div class=\"qodef-e-text\">\n\t\t\t\t\t<h4 itemprop=\"name\" class=\"qodef-e-title entry-title\" >\n\t<a itemprop=\"url\" class=\"qodef-e-title-link\" href=\"https:\/\/elevastay.com\/index.php\/portfolio-item\/tecnologia-hotelera\/\">\n\t\tTecnolog\u00eda Hotelera\t<\/a>\n<\/h4>\n\t\t\t\t<\/div>\n\t\t\t\t<div class=\"qodef-e-info\">\n\t\t\t\t\t\t<a href=\"https:\/\/elevastay.com\/index.php\/portfolio-category\/servicios\/\" rel=\"tag\">Servicios<\/a>\t<div class=\"qodef-info-separator-end\"><\/div>\n\t\t\t\t<\/div>\n\t\t\t<\/div>\n\t\t<\/div>\n\t<\/div>\n<\/article>\n<article class=\"qodef-e qodef-grid-item qodef-item--full post-13096 portfolio-item type-portfolio-item status-publish has-post-thumbnail hentry portfolio-category-servicios portfolio-tag-new\">\n\t<div class=\"qodef-e-inner\" >\n\t\t<div class=\"qodef-e-image\">\n\t\t\t\t<div class=\"qodef-e-media-image\">\n\t\t<a itemprop=\"url\" href=\"https:\/\/elevastay.com\/index.php\/portfolio-item\/marketing-digital\/\">\n\t\t\t<img loading=\"lazy\" decoding=\"async\" width=\"800\" height=\"800\" src=\"https:\/\/elevastay.com\/wp-content\/uploads\/2025\/08\/ES_maerketing-digital_thumb.jpg\" class=\"attachment-full size-full wp-post-image\" alt=\"\" srcset=\"https:\/\/elevastay.com\/wp-content\/uploads\/2025\/08\/ES_maerketing-digital_thumb.jpg 800w, https:\/\/elevastay.com\/wp-content\/uploads\/2025\/08\/ES_maerketing-digital_thumb-300x300.jpg 300w, https:\/\/elevastay.com\/wp-content\/uploads\/2025\/08\/ES_maerketing-digital_thumb-150x150.jpg 150w, https:\/\/elevastay.com\/wp-content\/uploads\/2025\/08\/ES_maerketing-digital_thumb-768x768.jpg 768w, https:\/\/elevastay.com\/wp-content\/uploads\/2025\/08\/ES_maerketing-digital_thumb-650x650.jpg 650w\" sizes=\"(max-width: 800px) 100vw, 800px\" \/>\t\t<\/a>\n\t<\/div>\n\t\t<\/div>\n\t\t<div class=\"qodef-e-content\" >\n\t\t\t<div class=\"qodef-e-top-holder\">\n\t\t\t\t<div class=\"qodef-e-text\">\n\t\t\t\t\t<h4 itemprop=\"name\" class=\"qodef-e-title entry-title\" >\n\t<a itemprop=\"url\" class=\"qodef-e-title-link\" href=\"https:\/\/elevastay.com\/index.php\/portfolio-item\/marketing-digital\/\">\n\t\tMarketing Digital\t<\/a>\n<\/h4>\n\t\t\t\t<\/div>\n\t\t\t\t<div class=\"qodef-e-info\">\n\t\t\t\t\t\t<a href=\"https:\/\/elevastay.com\/index.php\/portfolio-category\/servicios\/\" rel=\"tag\">Servicios<\/a>\t<div class=\"qodef-info-separator-end\"><\/div>\n\t\t\t\t<\/div>\n\t\t\t<\/div>\n\t\t<\/div>\n\t<\/div>\n<\/article>\n<article class=\"qodef-e qodef-grid-item qodef-item--full post-13095 portfolio-item type-portfolio-item status-publish has-post-thumbnail hentry portfolio-category-servicios portfolio-tag-new\">\n\t<div class=\"qodef-e-inner\" >\n\t\t<div class=\"qodef-e-image\">\n\t\t\t\t<div class=\"qodef-e-media-image\">\n\t\t<a itemprop=\"url\" href=\"https:\/\/elevastay.com\/index.php\/portfolio-item\/asesoramiento-comercial\/\">\n\t\t\t<img loading=\"lazy\" decoding=\"async\" width=\"800\" height=\"800\" src=\"https:\/\/elevastay.com\/wp-content\/uploads\/2025\/08\/ES_asesoramiento-comercial_thumb.jpg\" class=\"attachment-full size-full wp-post-image\" alt=\"\" srcset=\"https:\/\/elevastay.com\/wp-content\/uploads\/2025\/08\/ES_asesoramiento-comercial_thumb.jpg 800w, https:\/\/elevastay.com\/wp-content\/uploads\/2025\/08\/ES_asesoramiento-comercial_thumb-300x300.jpg 300w, https:\/\/elevastay.com\/wp-content\/uploads\/2025\/08\/ES_asesoramiento-comercial_thumb-150x150.jpg 150w, https:\/\/elevastay.com\/wp-content\/uploads\/2025\/08\/ES_asesoramiento-comercial_thumb-768x768.jpg 768w, https:\/\/elevastay.com\/wp-content\/uploads\/2025\/08\/ES_asesoramiento-comercial_thumb-650x650.jpg 650w\" sizes=\"(max-width: 800px) 100vw, 800px\" \/>\t\t<\/a>\n\t<\/div>\n\t\t<\/div>\n\t\t<div class=\"qodef-e-content\" >\n\t\t\t<div class=\"qodef-e-top-holder\">\n\t\t\t\t<div class=\"qodef-e-text\">\n\t\t\t\t\t<h4 itemprop=\"name\" class=\"qodef-e-title entry-title\" >\n\t<a itemprop=\"url\" class=\"qodef-e-title-link\" href=\"https:\/\/elevastay.com\/index.php\/portfolio-item\/asesoramiento-comercial\/\">\n\t\tAsesoramiento Comercial\t<\/a>\n<\/h4>\n\t\t\t\t<\/div>\n\t\t\t\t<div class=\"qodef-e-info\">\n\t\t\t\t\t\t<a href=\"https:\/\/elevastay.com\/index.php\/portfolio-category\/servicios\/\" rel=\"tag\">Servicios<\/a>\t<div class=\"qodef-info-separator-end\"><\/div>\n\t\t\t\t<\/div>\n\t\t\t<\/div>\n\t\t<\/div>\n\t<\/div>\n<\/article>\n\t<\/div>\n\t<\/div>\n\t\t\t\t<\/div>\n\t\t\t\t<\/div>\n\t\t\t\t\t<\/div>\n\t\t<\/div>\n\t\t\t\t\t<\/div>\n\t\t<\/section>\n\t\t\t\t<\/div>\n\t\t","protected":false},"excerpt":{"rendered":"<p>Asesoramiento Comercial Servicios Marketing Digital Servicios Tecnolog\u00eda Hotelera Servicios Capacitaci\u00f3n del Personal Servicios Manuales y Procedimientos Servicios Auditor\u00edas Operativas Servicios Gesti\u00f3n de Recursos Humanos Servicios Asesoramiento Integral Servicios<\/p>\n","protected":false},"author":1,"featured_media":0,"parent":0,"menu_order":0,"comment_status":"closed","ping_status":"closed","template":"page-full-width.php","meta":{"footnotes":""},"class_list":["post-13173","page","type-page","status-publish","hentry"],"_links":{"self":[{"href":"https:\/\/elevastay.com\/index.php\/wp-json\/wp\/v2\/pages\/13173","targetHints":{"allow":["GET"]}}],"collection":[{"href":"https:\/\/elevastay.com\/index.php\/wp-json\/wp\/v2\/pages"}],"about":[{"href":"https:\/\/elevastay.com\/index.php\/wp-json\/wp\/v2\/types\/page"}],"author":[{"embeddable":true,"href":"https:\/\/elevastay.com\/index.php\/wp-json\/wp\/v2\/users\/1"}],"replies":[{"embeddable":true,"href":"https:\/\/elevastay.com\/index.php\/wp-json\/wp\/v2\/comments?post=13173"}],"version-history":[{"count":7,"href":"https:\/\/elevastay.com\/index.php\/wp-json\/wp\/v2\/pages\/13173\/revisions"}],"predecessor-version":[{"id":13180,"href":"https:\/\/elevastay.com\/index.php\/wp-json\/wp\/v2\/pages\/13173\/revisions\/13180"}],"wp:attachment":[{"href":"https:\/\/elevastay.com\/index.php\/wp-json\/wp\/v2\/media?parent=13173"}],"curies":[{"name":"wp","href":"https:\/\/api.w.org\/{rel}","templated":true}]}}