{"id":13189,"date":"2025-08-29T17:12:46","date_gmt":"2025-08-29T20:12:46","guid":{"rendered":"https:\/\/elevastay.com\/?page_id=13189"},"modified":"2025-08-30T19:59:00","modified_gmt":"2025-08-30T22:59:00","slug":"elevastay-contenidos","status":"publish","type":"page","link":"https:\/\/elevastay.com\/index.php\/elevastay-contenidos\/","title":{"rendered":"Elevastay Contenidos"},"content":{"rendered":"\t\t<div data-elementor-type=\"wp-page\" data-elementor-id=\"13189\" class=\"elementor elementor-13189\">\n\t\t\t\t\t\t<section class=\"elementor-section elementor-top-section elementor-element elementor-element-2759f16 elementor-section-full_width elementor-section-height-default elementor-section-height-default qodef-elementor-content-no\" data-id=\"2759f16\" data-element_type=\"section\">\n\t\t\t\t\t\t<div class=\"elementor-container elementor-column-gap-default\">\n\t\t\t\t\t<div class=\"elementor-column elementor-col-100 elementor-top-column elementor-element elementor-element-08b5969\" data-id=\"08b5969\" data-element_type=\"column\">\n\t\t\t<div class=\"elementor-widget-wrap elementor-element-populated\">\n\t\t\t\t\t\t<div class=\"elementor-element elementor-element-e143919 elementor-widget elementor-widget-valiance_core_blog_list\" data-id=\"e143919\" data-element_type=\"widget\" data-widget_type=\"valiance_core_blog_list.default\">\n\t\t\t\t<div class=\"elementor-widget-container\">\n\t\t\t\t\t<div class=\"qodef-shortcode qodef-m qodef-blog qodef--list qodef-item-layout--standard qodef-grid qodef-layout--columns qodef-gutter--normal qodef-col-num--1 qodef-item-layout--standard qodef-pagination--on qodef-pagination-type--standard qodef-responsive--predefined\" data-options=\"{&quot;plugin&quot;:&quot;valiance_core&quot;,&quot;module&quot;:&quot;blog\\\/shortcodes&quot;,&quot;shortcode&quot;:&quot;blog-list&quot;,&quot;post_type&quot;:&quot;post&quot;,&quot;next_page&quot;:&quot;2&quot;,&quot;max_pages_num&quot;:1,&quot;behavior&quot;:&quot;columns&quot;,&quot;images_proportion&quot;:&quot;full&quot;,&quot;columns&quot;:&quot;1&quot;,&quot;columns_responsive&quot;:&quot;predefined&quot;,&quot;columns_1440&quot;:&quot;3&quot;,&quot;columns_1366&quot;:&quot;3&quot;,&quot;columns_1024&quot;:&quot;3&quot;,&quot;columns_768&quot;:&quot;3&quot;,&quot;columns_680&quot;:&quot;3&quot;,&quot;columns_480&quot;:&quot;3&quot;,&quot;space&quot;:&quot;normal&quot;,&quot;posts_per_page&quot;:&quot;4&quot;,&quot;orderby&quot;:&quot;date&quot;,&quot;order&quot;:&quot;ASC&quot;,&quot;additional_params&quot;:&quot;tax&quot;,&quot;tax&quot;:&quot;category&quot;,&quot;layout&quot;:&quot;standard&quot;,&quot;title_tag&quot;:&quot;h2&quot;,&quot;excerpt_length&quot;:&quot;363&quot;,&quot;pagination_type&quot;:&quot;standard&quot;,&quot;object_class_name&quot;:&quot;ValianceCore_Blog_List_Shortcode&quot;,&quot;taxonomy_filter&quot;:&quot;category&quot;,&quot;additional_query_args&quot;:[],&quot;space_value&quot;:15}\">\n\t\t<div class=\"qodef-grid-inner clear\">\n\t\t<article class=\"qodef-e qodef-blog-item qodef-grid-item qodef-item--full post-13125 post type-post status-publish format-standard has-post-thumbnail hentry category-revenue tag-gestion tag-ocupacion tag-revenue\">\n\t<div class=\"qodef-e-inner\">\n\t\t<div class=\"qodef-e-media\">\n\t\t<div class=\"qodef-e-media-image\">\n\t\t<a itemprop=\"url\" href=\"https:\/\/elevastay.com\/index.php\/2025\/08\/27\/alta-ocupacion-alta-rentabilidad\/\">\n\t\t\t<img fetchpriority=\"high\" decoding=\"async\" width=\"1400\" height=\"865\" src=\"https:\/\/elevastay.com\/wp-content\/uploads\/2025\/08\/ES_blog_ocupacion-vs-rendimiento.jpg\" class=\"attachment-full size-full wp-post-image\" alt=\"\" srcset=\"https:\/\/elevastay.com\/wp-content\/uploads\/2025\/08\/ES_blog_ocupacion-vs-rendimiento.jpg 1400w, https:\/\/elevastay.com\/wp-content\/uploads\/2025\/08\/ES_blog_ocupacion-vs-rendimiento-300x185.jpg 300w, https:\/\/elevastay.com\/wp-content\/uploads\/2025\/08\/ES_blog_ocupacion-vs-rendimiento-1024x633.jpg 1024w, https:\/\/elevastay.com\/wp-content\/uploads\/2025\/08\/ES_blog_ocupacion-vs-rendimiento-768x475.jpg 768w\" sizes=\"(max-width: 1400px) 100vw, 1400px\" \/>\t\t<\/a>\n\t\t<div itemprop=\"dateCreated\" class=\"qodef-e-info-item qodef-e-info-date entry-date \">\n\t<a itemprop=\"url\" href=\"https:\/\/elevastay.com\/index.php\/2026\/04\/\">\n\t\t\t<\/a>\n<\/div>\n\t<\/div>\n<\/div>\n\t\t<div class=\"qodef-e-content\">\n\t\t\t<div class=\"qodef-e-info qodef-info--top\">\n\t\t\t\t<div itemprop=\"dateCreated\" class=\"qodef-e-info-item qodef-e-info-date entry-date \">\n\t<a itemprop=\"url\" href=\"https:\/\/elevastay.com\/index.php\/2026\/04\/\">\n\t\t\t<\/a>\n<\/div>\n<a itemprop=\"author\" href=\"https:\/\/elevastay.com\/index.php\/author\/es_admin\/\" class=\"qodef-e-info-author\">\n\t<\/a><div class=\"qodef-info-separator-end\"><\/div>\n<a href=\"https:\/\/elevastay.com\/index.php\/category\/revenue\/\" rel=\"tag\">REVENUE MANAGEMENT<\/a><div class=\"qodef-info-separator-end\"><\/div>\t\t\t<\/div>\n\t\t\t<div class=\"qodef-e-text\">\n\t\t\t\t\n<h2 itemprop=\"name\" class=\"qodef-e-title entry-title\">\n<a itemprop=\"url\" class=\"qodef-e-title-link\" href=\"https:\/\/elevastay.com\/index.php\/2025\/08\/27\/alta-ocupacion-alta-rentabilidad\/\">\n\t\t\u00bfAlta ocupaci\u00f3n = Alta rentabilidad?\t<\/a>\n<\/h2>\n\t\t<p itemprop=\"description\" class=\"qodef-e-excerpt\">En ElevaStay, ayudamos a hoteles independientes a entender sus n\u00fameros y tomar decisiones basadas en datos. Nuestro equipo dise\u00f1a pol\u00edticas tarifarias que equilibran ocupaci\u00f3n y rentabilidad, adaptadas a las caracter\u00edsticas de cada propiedad.<\/p>\n\t\t\t\t<\/div>\n\t\t\t<div class=\"qodef-e-info qodef-info--bottom\">\n\t\t\t\t<div class=\"qodef-e-info-left\">\n\t\t\t\t\t\t<div class=\"qodef-e-read-more\">\n\t\t<a class=\"qodef-shortcode qodef-m qodef-button qodef-layout--simple qodef-html--link\" href=\"https:\/\/elevastay.com\/index.php\/2025\/08\/27\/alta-ocupacion-alta-rentabilidad\/\" target=\"_self\"  >\t<span class=\"qodef-m-icon-arrow qodef-m-icon-arrow1\"><svg  xmlns=\"http:\/\/www.w3.org\/2000\/svg\" width=\"36\" height=\"7\" viewBox=\"0 0 36 7\"><line x1=\"30\" style=\"stroke:currentColor\" transform=\"translate(0 3.5)\" stroke-width=\"1\"\/><path d=\"M3.5,0,7,6H0Z\" transform=\"translate(36) rotate(90)\" \/><\/svg><\/span>\t<span class=\"qodef-m-icon-arrow qodef-m-icon-arrow2\"><svg  xmlns=\"http:\/\/www.w3.org\/2000\/svg\" width=\"36\" height=\"7\" viewBox=\"0 0 36 7\"><line x1=\"30\" style=\"stroke:currentColor\" transform=\"translate(0 3.5)\" stroke-width=\"1\"\/><path d=\"M3.5,0,7,6H0Z\" transform=\"translate(36) rotate(90)\" \/><\/svg><\/span>\t<svg class=\"qodef-svg-light\" x=\"0px\" y=\"0px\" width=\"51px\" height=\"51px\" viewBox=\"39.278 38.5 51 51\" enable-background=\"new 39.278 38.5 51 51\" xml:space=\"preserve\">\t\t<circle fill=\"none\" stroke=\"#BEBEBD\" stroke-miterlimit=\"10\" cx=\"64.778\" cy=\"64\" r=\"25\"\/>\t<\/svg>\t<svg class=\"qodef-svg-dark\" x=\"0px\" y=\"0px\" width=\"51px\" height=\"51px\" viewBox=\"39.278 38.5 51 51\" enable-background=\"new 39.278 38.5 51 51\" xml:space=\"preserve\">\t\t<circle fill=\"none\" stroke=\"currentColor\" stroke-miterlimit=\"10\" cx=\"64.778\" cy=\"64\" r=\"25\"\/>\t<\/svg><\/a>\t<\/div>\n\t\t\t\t<\/div>\n\t\t\t\t<div class=\"qodef-e-info-right\">\n\n\t\t\t\t<\/div>\n\t\t\t<\/div>\n\t\t<\/div>\n\t<\/div>\n<\/article>\n<article class=\"qodef-e qodef-blog-item qodef-grid-item qodef-item--full post-13204 post type-post status-publish format-standard has-post-thumbnail hentry category-cultura tag-experiencias tag-fidelizacion tag-servicio\">\n\t<div class=\"qodef-e-inner\">\n\t\t<div class=\"qodef-e-media\">\n\t\t<div class=\"qodef-e-media-image\">\n\t\t<a itemprop=\"url\" href=\"https:\/\/elevastay.com\/index.php\/2025\/08\/29\/la-experiencia-del-huesped-mas-alla-de-la-sonrisa\/\">\n\t\t\t<img decoding=\"async\" width=\"1400\" height=\"865\" src=\"https:\/\/elevastay.com\/wp-content\/uploads\/2025\/08\/ES_blog_experiencia-huesped.jpg\" class=\"attachment-full size-full wp-post-image\" alt=\"\" srcset=\"https:\/\/elevastay.com\/wp-content\/uploads\/2025\/08\/ES_blog_experiencia-huesped.jpg 1400w, https:\/\/elevastay.com\/wp-content\/uploads\/2025\/08\/ES_blog_experiencia-huesped-300x185.jpg 300w, https:\/\/elevastay.com\/wp-content\/uploads\/2025\/08\/ES_blog_experiencia-huesped-1024x633.jpg 1024w, https:\/\/elevastay.com\/wp-content\/uploads\/2025\/08\/ES_blog_experiencia-huesped-768x475.jpg 768w\" sizes=\"(max-width: 1400px) 100vw, 1400px\" \/>\t\t<\/a>\n\t\t<div itemprop=\"dateCreated\" class=\"qodef-e-info-item qodef-e-info-date entry-date \">\n\t<a itemprop=\"url\" href=\"https:\/\/elevastay.com\/index.php\/2026\/04\/\">\n\t\t\t<\/a>\n<\/div>\n\t<\/div>\n<\/div>\n\t\t<div class=\"qodef-e-content\">\n\t\t\t<div class=\"qodef-e-info qodef-info--top\">\n\t\t\t\t<div itemprop=\"dateCreated\" class=\"qodef-e-info-item qodef-e-info-date entry-date \">\n\t<a itemprop=\"url\" href=\"https:\/\/elevastay.com\/index.php\/2026\/04\/\">\n\t\t\t<\/a>\n<\/div>\n<a itemprop=\"author\" href=\"https:\/\/elevastay.com\/index.php\/author\/es_admin\/\" class=\"qodef-e-info-author\">\n\t<\/a><div class=\"qodef-info-separator-end\"><\/div>\n<a href=\"https:\/\/elevastay.com\/index.php\/category\/cultura\/\" rel=\"tag\">CULTURA DEL SERVICIO<\/a><div class=\"qodef-info-separator-end\"><\/div>\t\t\t<\/div>\n\t\t\t<div class=\"qodef-e-text\">\n\t\t\t\t\n<h2 itemprop=\"name\" class=\"qodef-e-title entry-title\">\n<a itemprop=\"url\" class=\"qodef-e-title-link\" href=\"https:\/\/elevastay.com\/index.php\/2025\/08\/29\/la-experiencia-del-huesped-mas-alla-de-la-sonrisa\/\">\n\t\tLa experiencia del hu\u00e9sped: m\u00e1s all\u00e1 de la sonrisa\t<\/a>\n<\/h2>\n\t\t<p itemprop=\"description\" class=\"qodef-e-excerpt\">En ElevaStay, ayudamos a hoteles independientes a entender sus n\u00fameros y tomar decisiones basadas en datos. Nuestro equipo dise\u00f1a pol\u00edticas tarifarias que equilibran ocupaci\u00f3n y rentabilidad, adaptadas a las caracter\u00edsticas de cada propiedad.<\/p>\n\t\t\t\t<\/div>\n\t\t\t<div class=\"qodef-e-info qodef-info--bottom\">\n\t\t\t\t<div class=\"qodef-e-info-left\">\n\t\t\t\t\t\t<div class=\"qodef-e-read-more\">\n\t\t<a class=\"qodef-shortcode qodef-m qodef-button qodef-layout--simple qodef-html--link\" href=\"https:\/\/elevastay.com\/index.php\/2025\/08\/29\/la-experiencia-del-huesped-mas-alla-de-la-sonrisa\/\" target=\"_self\"  >\t<span class=\"qodef-m-icon-arrow qodef-m-icon-arrow1\"><svg  xmlns=\"http:\/\/www.w3.org\/2000\/svg\" width=\"36\" height=\"7\" viewBox=\"0 0 36 7\"><line x1=\"30\" style=\"stroke:currentColor\" transform=\"translate(0 3.5)\" stroke-width=\"1\"\/><path d=\"M3.5,0,7,6H0Z\" transform=\"translate(36) rotate(90)\" \/><\/svg><\/span>\t<span class=\"qodef-m-icon-arrow qodef-m-icon-arrow2\"><svg  xmlns=\"http:\/\/www.w3.org\/2000\/svg\" width=\"36\" height=\"7\" viewBox=\"0 0 36 7\"><line x1=\"30\" style=\"stroke:currentColor\" transform=\"translate(0 3.5)\" stroke-width=\"1\"\/><path d=\"M3.5,0,7,6H0Z\" transform=\"translate(36) rotate(90)\" \/><\/svg><\/span>\t<svg class=\"qodef-svg-light\" x=\"0px\" y=\"0px\" width=\"51px\" height=\"51px\" viewBox=\"39.278 38.5 51 51\" enable-background=\"new 39.278 38.5 51 51\" xml:space=\"preserve\">\t\t<circle fill=\"none\" stroke=\"#BEBEBD\" stroke-miterlimit=\"10\" cx=\"64.778\" cy=\"64\" r=\"25\"\/>\t<\/svg>\t<svg class=\"qodef-svg-dark\" x=\"0px\" y=\"0px\" width=\"51px\" height=\"51px\" viewBox=\"39.278 38.5 51 51\" enable-background=\"new 39.278 38.5 51 51\" xml:space=\"preserve\">\t\t<circle fill=\"none\" stroke=\"currentColor\" stroke-miterlimit=\"10\" cx=\"64.778\" cy=\"64\" r=\"25\"\/>\t<\/svg><\/a>\t<\/div>\n\t\t\t\t<\/div>\n\t\t\t\t<div class=\"qodef-e-info-right\">\n\n\t\t\t\t<\/div>\n\t\t\t<\/div>\n\t\t<\/div>\n\t<\/div>\n<\/article>\n<article class=\"qodef-e qodef-blog-item qodef-grid-item qodef-item--full post-13217 post type-post status-publish format-standard has-post-thumbnail hentry category-marketing tag-branding-emocional tag-fidelizacion tag-target\">\n\t<div class=\"qodef-e-inner\">\n\t\t<div class=\"qodef-e-media\">\n\t\t<div class=\"qodef-e-media-image\">\n\t\t<a itemprop=\"url\" href=\"https:\/\/elevastay.com\/index.php\/2025\/08\/29\/tu-hotel-cuenta-su-historia\/\">\n\t\t\t<img decoding=\"async\" width=\"1400\" height=\"865\" src=\"https:\/\/elevastay.com\/wp-content\/uploads\/2025\/08\/ES_blog_mkt-emocional.jpg\" class=\"attachment-full size-full wp-post-image\" alt=\"\" srcset=\"https:\/\/elevastay.com\/wp-content\/uploads\/2025\/08\/ES_blog_mkt-emocional.jpg 1400w, https:\/\/elevastay.com\/wp-content\/uploads\/2025\/08\/ES_blog_mkt-emocional-300x185.jpg 300w, https:\/\/elevastay.com\/wp-content\/uploads\/2025\/08\/ES_blog_mkt-emocional-1024x633.jpg 1024w, https:\/\/elevastay.com\/wp-content\/uploads\/2025\/08\/ES_blog_mkt-emocional-768x475.jpg 768w\" sizes=\"(max-width: 1400px) 100vw, 1400px\" \/>\t\t<\/a>\n\t\t<div itemprop=\"dateCreated\" class=\"qodef-e-info-item qodef-e-info-date entry-date \">\n\t<a itemprop=\"url\" href=\"https:\/\/elevastay.com\/index.php\/2026\/04\/\">\n\t\t\t<\/a>\n<\/div>\n\t<\/div>\n<\/div>\n\t\t<div class=\"qodef-e-content\">\n\t\t\t<div class=\"qodef-e-info qodef-info--top\">\n\t\t\t\t<div itemprop=\"dateCreated\" class=\"qodef-e-info-item qodef-e-info-date entry-date \">\n\t<a itemprop=\"url\" href=\"https:\/\/elevastay.com\/index.php\/2026\/04\/\">\n\t\t\t<\/a>\n<\/div>\n<a itemprop=\"author\" href=\"https:\/\/elevastay.com\/index.php\/author\/es_admin\/\" class=\"qodef-e-info-author\">\n\t<\/a><div class=\"qodef-info-separator-end\"><\/div>\n<a href=\"https:\/\/elevastay.com\/index.php\/category\/marketing\/\" rel=\"tag\">MARKETING<\/a><div class=\"qodef-info-separator-end\"><\/div>\t\t\t<\/div>\n\t\t\t<div class=\"qodef-e-text\">\n\t\t\t\t\n<h2 itemprop=\"name\" class=\"qodef-e-title entry-title\">\n<a itemprop=\"url\" class=\"qodef-e-title-link\" href=\"https:\/\/elevastay.com\/index.php\/2025\/08\/29\/tu-hotel-cuenta-su-historia\/\">\n\t\t\u00bfTu hotel cuenta su historia?\t<\/a>\n<\/h2>\n\t\t<p itemprop=\"description\" class=\"qodef-e-excerpt\">En ElevaStay, ayudamos a hoteles independientes a entender sus n\u00fameros y tomar decisiones basadas en datos. Nuestro equipo dise\u00f1a pol\u00edticas tarifarias que equilibran ocupaci\u00f3n y rentabilidad, adaptadas a las caracter\u00edsticas de cada propiedad.<\/p>\n\t\t\t\t<\/div>\n\t\t\t<div class=\"qodef-e-info qodef-info--bottom\">\n\t\t\t\t<div class=\"qodef-e-info-left\">\n\t\t\t\t\t\t<div class=\"qodef-e-read-more\">\n\t\t<a class=\"qodef-shortcode qodef-m qodef-button qodef-layout--simple qodef-html--link\" href=\"https:\/\/elevastay.com\/index.php\/2025\/08\/29\/tu-hotel-cuenta-su-historia\/\" target=\"_self\"  >\t<span class=\"qodef-m-icon-arrow qodef-m-icon-arrow1\"><svg  xmlns=\"http:\/\/www.w3.org\/2000\/svg\" width=\"36\" height=\"7\" viewBox=\"0 0 36 7\"><line x1=\"30\" style=\"stroke:currentColor\" transform=\"translate(0 3.5)\" stroke-width=\"1\"\/><path d=\"M3.5,0,7,6H0Z\" transform=\"translate(36) rotate(90)\" \/><\/svg><\/span>\t<span class=\"qodef-m-icon-arrow qodef-m-icon-arrow2\"><svg  xmlns=\"http:\/\/www.w3.org\/2000\/svg\" width=\"36\" height=\"7\" viewBox=\"0 0 36 7\"><line x1=\"30\" style=\"stroke:currentColor\" transform=\"translate(0 3.5)\" stroke-width=\"1\"\/><path d=\"M3.5,0,7,6H0Z\" transform=\"translate(36) rotate(90)\" \/><\/svg><\/span>\t<svg class=\"qodef-svg-light\" x=\"0px\" y=\"0px\" width=\"51px\" height=\"51px\" viewBox=\"39.278 38.5 51 51\" enable-background=\"new 39.278 38.5 51 51\" xml:space=\"preserve\">\t\t<circle fill=\"none\" stroke=\"#BEBEBD\" stroke-miterlimit=\"10\" cx=\"64.778\" cy=\"64\" r=\"25\"\/>\t<\/svg>\t<svg class=\"qodef-svg-dark\" x=\"0px\" y=\"0px\" width=\"51px\" height=\"51px\" viewBox=\"39.278 38.5 51 51\" enable-background=\"new 39.278 38.5 51 51\" xml:space=\"preserve\">\t\t<circle fill=\"none\" stroke=\"currentColor\" stroke-miterlimit=\"10\" cx=\"64.778\" cy=\"64\" r=\"25\"\/>\t<\/svg><\/a>\t<\/div>\n\t\t\t\t<\/div>\n\t\t\t\t<div class=\"qodef-e-info-right\">\n\n\t\t\t\t<\/div>\n\t\t\t<\/div>\n\t\t<\/div>\n\t<\/div>\n<\/article>\n\t<\/div>\n\t<\/div>\n\t\t\t\t<\/div>\n\t\t\t\t<\/div>\n\t\t\t\t\t<\/div>\n\t\t<\/div>\n\t\t\t\t\t<\/div>\n\t\t<\/section>\n\t\t\t\t<\/div>\n\t\t","protected":false},"excerpt":{"rendered":"<p>ES_admin Content Your brand is your promise to your customer Eget gravida cum sociis natoque penatibus. Scelerisque mauris pellentesque pulvinar pellentesque habitant morbi. Erat imperdiet sed euismod nisi porta lorem mollis aliquam. Diam vulputate ut pharetra sit. In dictum non consectetur a erat nam. Pulvinar proin gravida hendrerit lectus a. Duis ultricies lacus sed turpis [&hellip;]<\/p>\n","protected":false},"author":1,"featured_media":0,"parent":0,"menu_order":0,"comment_status":"closed","ping_status":"closed","template":"","meta":{"footnotes":""},"class_list":["post-13189","page","type-page","status-publish","hentry"],"_links":{"self":[{"href":"https:\/\/elevastay.com\/index.php\/wp-json\/wp\/v2\/pages\/13189","targetHints":{"allow":["GET"]}}],"collection":[{"href":"https:\/\/elevastay.com\/index.php\/wp-json\/wp\/v2\/pages"}],"about":[{"href":"https:\/\/elevastay.com\/index.php\/wp-json\/wp\/v2\/types\/page"}],"author":[{"embeddable":true,"href":"https:\/\/elevastay.com\/index.php\/wp-json\/wp\/v2\/users\/1"}],"replies":[{"embeddable":true,"href":"https:\/\/elevastay.com\/index.php\/wp-json\/wp\/v2\/comments?post=13189"}],"version-history":[{"count":2,"href":"https:\/\/elevastay.com\/index.php\/wp-json\/wp\/v2\/pages\/13189\/revisions"}],"predecessor-version":[{"id":13209,"href":"https:\/\/elevastay.com\/index.php\/wp-json\/wp\/v2\/pages\/13189\/revisions\/13209"}],"wp:attachment":[{"href":"https:\/\/elevastay.com\/index.php\/wp-json\/wp\/v2\/media?parent=13189"}],"curies":[{"name":"wp","href":"https:\/\/api.w.org\/{rel}","templated":true}]}}